{"id":527,"date":"2020-04-14T16:22:40","date_gmt":"2020-04-14T16:22:40","guid":{"rendered":"http:\/\/www.pstl.radwanskie.nstrefa.pl\/?page_id=527"},"modified":"2020-04-14T16:22:40","modified_gmt":"2020-04-14T16:22:40","slug":"xxv-jubileuszowe-mistrzostwa-polski-lekarzy-w-tenisie-lexus-cup-2015-poznan-04-07-czerwca-2015-r","status":"publish","type":"page","link":"https:\/\/www.gdynia2025.pstl.pl\/index.php\/xxv-jubileuszowe-mistrzostwa-polski-lekarzy-w-tenisie-lexus-cup-2015-poznan-04-07-czerwca-2015-r\/","title":{"rendered":"XXV Jubileuszowe Mistrzostwa Polski Lekarzy w Tenisie ,,Lexus Cup 2015&#8243;- Pozna\u0144 04 &#8211; 07 czerwca 2015 r."},"content":{"rendered":"\n<p><strong>XXV Jubileuszowe Mistrzostwa Polski Lekarzy w Tenisie \u201eLexus Cup 2015\u201d<\/strong>&nbsp;odby\u0142y si\u0119<br>w Poznaniu w dniach 4 \u2013 7 czerwca 2015 roku. Jeszcze w ubieg\u0142ym roku organizatorzy Mistrzostw \u2013 koledzy&nbsp;<strong>Jerzy Glabisz i Ryszard Stawicki<\/strong>&nbsp;deklarowali, \u017ce b\u0119dzie<br>to niezapomniana impreza tenisowa. Niew\u0105tpliwie trzeba przyzna\u0107, \u017ce dotrzymali s\u0142owa<br>i stan\u0119li na wysoko\u015bci zadania, dopinaj\u0105c ka\u017cdy szczeg\u00f3\u0142 w programie Turnieju na ostatni guzik. Wart podkre\u015blenia jest fakt, i\u017c od 2010 roku wsp\u00f3\u0142pracuje z nami i pomaga przy organizacji naszych Mistrzostw \u2013&nbsp;i to zawsze w spos\u00f3b fantastyczny &#8211;&nbsp;&nbsp;<strong>Monika Ma\u0142ek<\/strong>&nbsp;PR Manager sponsora tytularnego \u2013 Lexus Polska. Nale\u017cy tak\u017ce wspomnie\u0107<br>i podzi\u0119kowa\u0107 za wsparcie organizacyjne Komisji Sportu Naczelnej Izby Lekarskiej<br>i zawsze nam \u017cyczliwemu<strong>&nbsp;dr. Jackowi T\u0119tnowskiemu<\/strong>.<\/p>\n\n\n\n<p>Ju\u017c od pierwszego dnia wszystko uk\u0142ada\u0142o si\u0119 po my\u015bli zawodnik\u00f3w i organizator\u00f3w,<br>a znakomita pogoda opu\u015bci\u0142a nas dopiero w niedziel\u0119 &#8211; w dniu fina\u0142\u00f3w. St\u0105d te\u017c gry fina\u0142owe musia\u0142y zosta\u0107 rozegrane pod dachem. Podczas uroczystej Gali, kt\u00f3ra odby\u0142a si\u0119 w pi\u0105tkowy wiecz\u00f3r prezes PSTL&nbsp;<strong>dr n. med. Marcin Wro\u0144ski<\/strong>&nbsp;wr\u0119czy\u0142 najlepszym<br>w 2014 roku lekarzom \u2013 tenisistom okoliczno\u015bciowe dyplomy. Zarz\u0105d Polskiego Stowarzyszenia Tenisowego Lekarzy uhonorowa\u0142 organizator\u00f3w Mistrzostw okoliczno\u015bciowymi ryngrafami.<\/p>\n\n\n\n<p>Du\u017cym zainteresowaniem uczestnik\u00f3w Mistrzostw cieszy\u0142y si\u0119 wyk\u0142ady w ramach Sympozjum Naukowego oraz Akademii Tenisa.&nbsp; Nale\u017cy podkre\u015bli\u0107, \u017ce imprezy towarzysz\u0105ce w tym roku przebiega\u0142y w bardzo przyjemnej atmosferze, a ka\u017cdy wiecz\u00f3r by\u0142 wype\u0142niony przez organizator\u00f3w, zabrak\u0142o wi\u0119c czasu na zwiedzanie pi\u0119knego Poznania.<\/p>\n\n\n\n<p>Przez wszystkie dni Mistrzostw mieli\u015bmy okazj\u0119 testowa\u0107 modele samochod\u00f3w Lexus,<br>a 5,0-litrowy RCF o mocy 477 KM cieszy\u0142 si\u0119 najwi\u0119kszym zainteresowaniem. Jak niekt\u00f3rzy zawodnicy twierdzili, po przeja\u017cd\u017cce tym modelem mieli du\u017cy skok adrenaliny i od razu byli gotowi do walki w kolejnym meczu.<\/p>\n\n\n\n<p>Za wszystkie przygotowane przez Organizator\u00f3w atrakcje w imieniu wszystkich uczestnik\u00f3w serdecznie dzi\u0119kujemy i jeszcze raz gratulujemy wspania\u0142ej organizacji.<\/p>\n\n\n\n<p class=\"has-text-align-right\">Zarz\u0105d PSTL<\/p>\n\n\n\n<p><\/p>\n\n\n\n<p><strong>Poni\u017cej przedstawiamy wyniki XXV Mistrzostw Polski Lekarzy w Tenisie:<\/strong><\/p>\n\n\n\n<p><a href=\"http:\/\/www.pstl.radwanskie.nstrefa.pl\/wp-content\/uploads\/2020\/04\/poznan15-XXV-Mistrzostwa-Polski-Lekarzy-w-Tenisie_wyniki_singiel.xls\">Singiel<\/a><\/p>\n\n\n\n<p><a href=\"http:\/\/www.pstl.radwanskie.nstrefa.pl\/wp-content\/uploads\/2020\/04\/poznan15-XXV-Mistrzostwa-Polski-Lekarzy-w-Tenisie_wyniki_debel.xls\">Debel<\/a><\/p>\n\n\n\n<p><a href=\"http:\/\/www.pstl.radwanskie.nstrefa.pl\/wp-content\/uploads\/2020\/04\/poznan15-XXV-Mistrzostwa-Polski-Lekarzy-w-Tenisie_wyniki_mikst.xls\">Mikst<\/a><\/p>\n\n\n\n<p><a href=\"http:\/\/www.pstl.radwanskie.nstrefa.pl\/wp-content\/uploads\/2020\/04\/poznan15-XXV-Mistrzostwa-Polski-Lekarzy-w-Tenisie_wyniki_turniej_pocieszenia.xls\">Turniej pocieszenia<\/a><\/p>\n\n\n\n<p><a href=\"http:\/\/www.pstl.radwanskie.nstrefa.pl\/wp-content\/uploads\/2020\/04\/poznan15-1aada9_xxv_mistrzostwa_polski_lekarzy_w_tenisie.xls\">Lista uczestnik\u00f3w<\/a><\/p>\n","protected":false},"excerpt":{"rendered":"<p>XXV Jubileuszowe Mistrzostwa Polski Lekarzy w Tenisie \u201eLexus Cup 2015\u201d&nbsp;odby\u0142y si\u0119w Poznaniu w dniach 4 \u2013 7 czerwca 2015 roku. Jeszcze w ubieg\u0142ym roku organizatorzy Mistrzostw \u2013 koledzy&nbsp;Jerzy Glabisz i Ryszard Stawicki&nbsp;deklarowali, \u017ce b\u0119dzieto niezapomniana impreza tenisowa. Niew\u0105tpliwie trzeba przyzna\u0107, \u017ce dotrzymali s\u0142owai stan\u0119li na wysoko\u015bci zadania, dopinaj\u0105c ka\u017cdy szczeg\u00f3\u0142 w programie Turnieju na ostatni &hellip; <\/p>\n<p class=\"link-more\"><a href=\"https:\/\/www.gdynia2025.pstl.pl\/index.php\/xxv-jubileuszowe-mistrzostwa-polski-lekarzy-w-tenisie-lexus-cup-2015-poznan-04-07-czerwca-2015-r\/\" class=\"more-link\">Czytaj dalej<span class=\"screen-reader-text\"> \u201eXXV Jubileuszowe Mistrzostwa Polski Lekarzy w Tenisie ,,Lexus Cup 2015&#8243;- Pozna\u0144 04 &#8211; 07 czerwca 2015 r.\u201d<\/span><\/a><\/p>\n","protected":false},"author":1,"featured_media":0,"parent":0,"menu_order":0,"comment_status":"closed","ping_status":"closed","template":"","meta":{"footnotes":""},"class_list":["post-527","page","type-page","status-publish","hentry"],"_links":{"self":[{"href":"https:\/\/www.gdynia2025.pstl.pl\/index.php\/wp-json\/wp\/v2\/pages\/527","targetHints":{"allow":["GET"]}}],"collection":[{"href":"https:\/\/www.gdynia2025.pstl.pl\/index.php\/wp-json\/wp\/v2\/pages"}],"about":[{"href":"https:\/\/www.gdynia2025.pstl.pl\/index.php\/wp-json\/wp\/v2\/types\/page"}],"author":[{"embeddable":true,"href":"https:\/\/www.gdynia2025.pstl.pl\/index.php\/wp-json\/wp\/v2\/users\/1"}],"replies":[{"embeddable":true,"href":"https:\/\/www.gdynia2025.pstl.pl\/index.php\/wp-json\/wp\/v2\/comments?post=527"}],"version-history":[{"count":1,"href":"https:\/\/www.gdynia2025.pstl.pl\/index.php\/wp-json\/wp\/v2\/pages\/527\/revisions"}],"predecessor-version":[{"id":533,"href":"https:\/\/www.gdynia2025.pstl.pl\/index.php\/wp-json\/wp\/v2\/pages\/527\/revisions\/533"}],"wp:attachment":[{"href":"https:\/\/www.gdynia2025.pstl.pl\/index.php\/wp-json\/wp\/v2\/media?parent=527"}],"curies":[{"name":"wp","href":"https:\/\/api.w.org\/{rel}","templated":true}]}}