{"id":517,"date":"2020-04-14T16:02:24","date_gmt":"2020-04-14T16:02:24","guid":{"rendered":"http:\/\/www.pstl.radwanskie.nstrefa.pl\/?page_id=517"},"modified":"2020-04-14T16:02:24","modified_gmt":"2020-04-14T16:02:24","slug":"xxvi-mistrzostwa-polski-lekarzy-w-tenisie-lexus-cup-2016-lodz-26-29-maj-2016-r","status":"publish","type":"page","link":"https:\/\/www.gdynia2025.pstl.pl\/index.php\/xxvi-mistrzostwa-polski-lekarzy-w-tenisie-lexus-cup-2016-lodz-26-29-maj-2016-r\/","title":{"rendered":"XXVI Mistrzostwa Polski Lekarzy w Tenisie ,,Lexus Cup 2016&#8243; &#8211; \u0141\u00f3d\u017a 26 &#8211; 29 maj 2016 r."},"content":{"rendered":"\n<p>Miejski Klub Tenisowego w \u0141odzi<\/p>\n\n\n\n<p>ul. Stefana \u017beromskiego 117<\/p>\n\n\n\n<p>(Park im. Ksi\u0119cia J. Poniatowskiego)<\/p>\n\n\n\n<p>pod Honorowym Patronatem<\/p>\n\n\n\n<p>Prezydenta Miasta \u0141odzi Hanny Zdanowskiej<\/p>\n\n\n\n<p><\/p>\n\n\n\n<h2 class=\"wp-block-heading\"><strong>WYNIKI:<\/strong><\/h2>\n\n\n\n<p>&#8211;\u00a0<a href=\"http:\/\/www.pstl.radwanskie.nstrefa.pl\/wp-content\/uploads\/2020\/04\/XXVI-Mistrzostwa-Polski-Lekarzy-M.xls\" target=\"_blank\" rel=\"noreferrer noopener\">m\u0119\u017cczy\u017ani<\/a><\/p>\n\n\n\n<p>&#8211;\u00a0<a href=\"http:\/\/www.pstl.radwanskie.nstrefa.pl\/wp-content\/uploads\/2020\/04\/XXVI-Mistrzostwa-Polski-Lekarzy-K.xls\" target=\"_blank\" rel=\"noreferrer noopener\">kobiety<\/a><\/p>\n","protected":false},"excerpt":{"rendered":"<p>Miejski Klub Tenisowego w \u0141odzi ul. Stefana \u017beromskiego 117 (Park im. Ksi\u0119cia J. Poniatowskiego) pod Honorowym Patronatem Prezydenta Miasta \u0141odzi Hanny Zdanowskiej WYNIKI: &#8211;\u00a0m\u0119\u017cczy\u017ani &#8211;\u00a0kobiety<\/p>\n","protected":false},"author":1,"featured_media":0,"parent":0,"menu_order":0,"comment_status":"closed","ping_status":"closed","template":"","meta":{"footnotes":""},"class_list":["post-517","page","type-page","status-publish","hentry"],"_links":{"self":[{"href":"https:\/\/www.gdynia2025.pstl.pl\/index.php\/wp-json\/wp\/v2\/pages\/517","targetHints":{"allow":["GET"]}}],"collection":[{"href":"https:\/\/www.gdynia2025.pstl.pl\/index.php\/wp-json\/wp\/v2\/pages"}],"about":[{"href":"https:\/\/www.gdynia2025.pstl.pl\/index.php\/wp-json\/wp\/v2\/types\/page"}],"author":[{"embeddable":true,"href":"https:\/\/www.gdynia2025.pstl.pl\/index.php\/wp-json\/wp\/v2\/users\/1"}],"replies":[{"embeddable":true,"href":"https:\/\/www.gdynia2025.pstl.pl\/index.php\/wp-json\/wp\/v2\/comments?post=517"}],"version-history":[{"count":1,"href":"https:\/\/www.gdynia2025.pstl.pl\/index.php\/wp-json\/wp\/v2\/pages\/517\/revisions"}],"predecessor-version":[{"id":520,"href":"https:\/\/www.gdynia2025.pstl.pl\/index.php\/wp-json\/wp\/v2\/pages\/517\/revisions\/520"}],"wp:attachment":[{"href":"https:\/\/www.gdynia2025.pstl.pl\/index.php\/wp-json\/wp\/v2\/media?parent=517"}],"curies":[{"name":"wp","href":"https:\/\/api.w.org\/{rel}","templated":true}]}}