{"id":402,"date":"2020-04-14T00:06:15","date_gmt":"2020-04-14T00:06:15","guid":{"rendered":"http:\/\/www.pstl.radwanskie.nstrefa.pl\/?page_id=402"},"modified":"2020-04-14T00:06:15","modified_gmt":"2020-04-14T00:06:15","slug":"xxii-halowe-mistrzostwa-polski-lekarzy-w-tenisie-stalowa-wola-14-03-17-03-2019-r","status":"publish","type":"page","link":"https:\/\/www.gdynia2025.pstl.pl\/index.php\/xxii-halowe-mistrzostwa-polski-lekarzy-w-tenisie-stalowa-wola-14-03-17-03-2019-r\/","title":{"rendered":"XXII Halowe Mistrzostwa Polski Lekarzy w Tenisie &#8211; Stalowa Wola 14.03-17.03.2019 r."},"content":{"rendered":"\n<p>W dniach 14-17 marca 2019 pod egid\u0105 Polskiego Stowarzyszenia Tenisowego Lekarzy (PSTL) w Stalowej Woli odby\u0142y si\u0119 XXII Halowe Mistrzostwa Polski Lekarzy w Tenisie, w kt\u00f3rych uczestniczy\u0142o 76 lekarzy i dentyst\u00f3w z ca\u0142ej Polski. Turniej odby\u0142 si\u0119 na nawierzchni twardej typu hard w hali tenisowej Miejskiego Klubu Tenisowego przy ul. Wyszy\u0144skiego 1. Medycy rywalizowali w singlu, deblu i mik\u015bcie w r\u00f3\u017cnych kategoriach wiekowych. Rozegrany zosta\u0142 tak\u017ce turniej pocieszenia. Nad sprawnym przebiegiem turnieju czuwali s\u0119dziowie: Filip Stypa i W\u0142odzimierz Pikulski. Sponsorami zawod\u00f3w byli m.in.: Naczelna Izba Lekarska w Warszawie, Okr\u0119gowa Izba Lekarska w Rzeszowie, Getin Bank Plac\u00f3wka Franczyzowa \u2013 Nisko, Urz\u0105d Miasta Stalowa Wola, Powiat Stalowowolski, Urz\u0105d Marsza\u0142kowski Wojew\u00f3dztwa Podkarpackiego, Maraton Sklep Sportowy, Konesso kawa, Kossta Poligrafia, M. H. Motors Sp.j., Audi Autorud Rzesz\u00f3w oraz Pacyfic Polska.<\/p>\n\n\n\n<p>W pi\u0105tek odby\u0142a si\u0119 konferencja naukowa, na kt\u00f3rej prof. Jan J\u00f3zefczuk wyg\u0142osi\u0142 wyk\u0142ad pod tytu\u0142em \u201eGrasica a choroby autoimmunologiczne\u201d. Po wyk\u0142adzie lekarze integrowali si\u0119 podczas bankietu w hotelu Hutnik, na kt\u00f3rym wszyscy wsp\u00f3lnie ogl\u0105dali Huberta Hurkacza w meczu z Federerm oraz \u0141ukasza Kubota w p\u00f3\u0142finale debla w turnieju w Indian Wells. G\u0142\u00f3wn\u0105 atrakcj\u0105 turnieju by\u0142a profesjonalna transmisja z kortu nr 1 przeprowadzona przez firm\u0119 Podkarpacie Live, dzi\u0119ki czemu mo\u017cna by\u0142o obejrze\u0107 w serwisie YouTube na \u017cywo wiele ciekawych meczy z udzia\u0142em lekarzy. Spotkania tenisowe by\u0142y komentowane nawet przez samych uczestnik\u00f3w, m.in. przez Agat\u0119 Wojciuk, Marcina Pokrzywnickiego, Alfreda Mica\u0142a i Wojciecha Pietrzaka. Transmisja obejmowa\u0142a nawet wywiady przeprowadzaone z lekarzami po ich spotkaniach. Ka\u017cdy z uczestnik\u00f3w otrzyma\u0142 pami\u0105tkow\u0105 koszulk\u0119 a pierwsze 3 miejsca w ka\u017cdej kategorii by\u0142y nagradzane pi\u0119knymi pucharami, medalami i dyplomami. Czas sp\u0119dzony na turnieju umila\u0142 wszystkim pyszny catering.<\/p>\n\n\n\n<p>Kolejny turniej PSTL odb\u0119dzie si\u0119 od 17 do 19 maja 2019 we Wroc\u0142awiu na kortach otwartych z m\u0105czki ceglanej na terenie Olimpijski Club. Ju\u017c teraz serdecznie zapraszamy wszystkich do udzia\u0142u.<\/p>\n\n\n\n<p class=\"has-text-align-right\"><em>Sekretarz PSTL &#8211; Marcin Pokrzywnicki<\/em><\/p>\n\n\n\n<p><\/p>\n\n\n\n<h2 class=\"wp-block-heading\"><strong>SKR\u00d3TOWE WYNIKI<\/strong>:<\/h2>\n\n\n\n<p><strong>Gra pojedyncza kobiet do 45 lat:<\/strong><\/p>\n\n\n\n<p>1) Agata Wojciuk<\/p>\n\n\n\n<p>2) Aleksandra Kruk<\/p>\n\n\n\n<p>3) Aleksandra Krasowska<\/p>\n\n\n\n<p><strong>Gra pojedyncza kobiet +45:<\/strong><\/p>\n\n\n\n<p>1) Anna Komar<\/p>\n\n\n\n<p>2) Joanna Ga\u0142uszka-Garnuszek<\/p>\n\n\n\n<p>3) Katarzyna Kosikowska-Skowron<\/p>\n\n\n\n<p><strong>Gra pojedyncza kobiet +55:<\/strong><\/p>\n\n\n\n<p>1) Ma\u0142orzata Pawelec \u2013 Wojtalik<\/p>\n\n\n\n<p>2) Dorota Grudzie\u0144<\/p>\n\n\n\n<p>3) Ma\u0142gorzata Olszewska\u2013Kozi\u0144ska<\/p>\n\n\n\n<p><strong>Gra pojedyncza kobiet +60:<\/strong><\/p>\n\n\n\n<p>1) Renata Bana\u015b-Samson<\/p>\n\n\n\n<p>2) Bo\u017cena Klimczyk<\/p>\n\n\n\n<p>3) Rozalia Szafranek<\/p>\n\n\n\n<p><strong>Gra pojedyncza m\u0119\u017cczyzn do 35 lat (Open):<\/strong><\/p>\n\n\n\n<p>1) Marcin Pokrzywnicki<\/p>\n\n\n\n<p>2) Marcin Zbo\u017ce\u0144<\/p>\n\n\n\n<p>3) Tomasz Wanielista, Mateusz Br\u00f3zda<\/p>\n\n\n\n<p><strong>Gra pojedyncza m\u0119\u017cczyzn +35:<\/strong><\/p>\n\n\n\n<p>1) Marcin Krywiak<\/p>\n\n\n\n<p>2) Bart\u0142omiej Ptak<\/p>\n\n\n\n<p>3) Rafa\u0142 Galik<\/p>\n\n\n\n<p><strong>Gra pojedyncza m\u0119\u017cczyzn +45:<\/strong><\/p>\n\n\n\n<p>1) Marcin Bukiewicz<\/p>\n\n\n\n<p>2) Mariusz Dere\u0144<\/p>\n\n\n\n<p>3) Robert Telega, Zbigniew \u017b\u0119gota<\/p>\n\n\n\n<p><strong>Gra pojedyncza m\u0119\u017cczyzn +50:<\/strong><\/p>\n\n\n\n<p>1) Pawe\u0142 \u0141ysikowski<\/p>\n\n\n\n<p>2) Jacek Kowal<\/p>\n\n\n\n<p>3) Lech Borkowski, Robert Kowalczyk<\/p>\n\n\n\n<p><strong>Gra pojedyncza m\u0119\u017cczyzn +55:<\/strong><\/p>\n\n\n\n<p>1) Wojciech Pietrzak<\/p>\n\n\n\n<p>2) Roman Sadowski<\/p>\n\n\n\n<p>3) Wies\u0142aw B\u0105ba, Jerzy Hakuba<\/p>\n\n\n\n<p><strong>Gra pojedyncza m\u0119\u017cczyzn +60:<\/strong><\/p>\n\n\n\n<p>1) Marek Pude\u0142ko<\/p>\n\n\n\n<p>2) Tomasz Maziak<\/p>\n\n\n\n<p>3) Marek Kintzi, Andrzej Soko\u0142owski<\/p>\n\n\n\n<p><strong>Gra pojedyncza m\u0119\u017cczyzn +65:<\/strong><\/p>\n\n\n\n<p>1) Zdzis\u0142aw Hrynkiewicz<\/p>\n\n\n\n<p>2) Kazimierz Bujak<\/p>\n\n\n\n<p>3) Roman Pawlas, Daniel Leo\u0144czyk<\/p>\n\n\n\n<p><strong>Gra pojedyncza m\u0119\u017cczyzn +70:<\/strong><\/p>\n\n\n\n<p>1) Ignacy Lubi\u0144ski<\/p>\n\n\n\n<p>2) Wojciech Kolanko<\/p>\n\n\n\n<p>3) Krzysztof Micha\u0142owski<\/p>\n\n\n\n<p><strong>Gra pojedyncza m\u0119\u017cczyzn +75:<\/strong><\/p>\n\n\n\n<p>1) Zbigniew Nanowski<\/p>\n\n\n\n<p>2) J\u00f3zef Safian<\/p>\n\n\n\n<p>3) Zdzis\u0142aw Plicner<\/p>\n\n\n\n<p><strong>Gra pojedyncza m\u0119\u017cczyzn +80:<\/strong><\/p>\n\n\n\n<p>1) Bogdan Solarski<\/p>\n\n\n\n<p>2) Stanis\u0142aw \u015awierad<\/p>\n\n\n\n<p><strong>Gra podw\u00f3jna kobiet +45:<\/strong><\/p>\n\n\n\n<p>1) Joanna Ga\u0142uszka-Garnuszek\/Anna Komar<\/p>\n\n\n\n<p>2) Dorota Grudzie\u0144\/Ma\u0142gorzata Pawelec-Wojtalik<\/p>\n\n\n\n<p>3) Renata Bana\u015b-Samson\/Bo\u017cena Klimczyk, Ma\u0142gorzata Olszewska-Kozi\u0144ska\/Katarzyna Kosikowska-Skowron<\/p>\n\n\n\n<p><strong>Gra podw\u00f3jna m\u0119\u017cczyzn Open:<\/strong><\/p>\n\n\n\n<p>1) Rafa\u0142 Galik\/Bart\u0142omiej Ptak<\/p>\n\n\n\n<p>2) Wojciech Pietrzak\/Marcin Pokrzywnicki<\/p>\n\n\n\n<p>3) Mateusz Br\u00f3zda\/Micha\u0142 Sajdek<\/p>\n\n\n\n<p><strong>Gra podw\u00f3jna m\u0119\u017cczyzn 45-55:<\/strong><\/p>\n\n\n\n<p>1) Marcin Krywiak\/Alfred Mica\u0142<\/p>\n\n\n\n<p>2) Marcin Bukiewicz\/Mariusz Dere\u0144<\/p>\n\n\n\n<p>3) Robert Kowalczyk\/Robert Telega, Andrzej Semczuk\/Zbigniew \u017b\u0119gota<\/p>\n\n\n\n<p><strong>Gra podw\u00f3jna m\u0119\u017cczyzn 55-65:<\/strong><\/p>\n\n\n\n<p>1) Tomasz Maziak\/Stanis\u0142aw Wo\u017aniak<\/p>\n\n\n\n<p>2) Wies\u0142aw B\u0105ba\/Jaros\u0142aw Marzec<\/p>\n\n\n\n<p>3) Mariusz Cios\/Jerzy Hakuba, Roman Sadowski\/Aleksander Skop<\/p>\n\n\n\n<p><strong>Gra podw\u00f3jna m\u0119\u017cczyzn +65:<\/strong><\/p>\n\n\n\n<p>1) Daniel Leo\u0144czyk\/Kazimierz Bujak<\/p>\n\n\n\n<p>2) Ignacy Lubi\u0144ski\/Krzysztof Micha\u0142owski<\/p>\n\n\n\n<p>3) Zdzis\u0142aw Hrynkiewicz\/Jerzy Sobel, Roman Pawlas\/Jerzy Talarczyk<\/p>\n\n\n\n<p><strong>Gra podw\u00f3jna m\u0119\u017cczyzn +75:<\/strong><\/p>\n\n\n\n<p>1) Zbigniew Nanowski\/Zdzis\u0142aw Plicner<\/p>\n\n\n\n<p>2) J\u00f3zef Safian\/Bogdan Solarski<\/p>\n\n\n\n<p><strong>Gra mieszana do 100 lat:<\/strong><\/p>\n\n\n\n<p>1) Agata Wojciuk\/Marcin Pokrzywnicki<\/p>\n\n\n\n<p>2) Aleksandra Kruk\/Mariusz Dere\u0144<\/p>\n\n\n\n<p>3) Aleksandra Krasowska\/Andrzej Jakubczyk<\/p>\n\n\n\n<p><strong>Gra mieszana powy\u017cej 100 lat:<\/strong><\/p>\n\n\n\n<p>1) Anna Komar\/Robert Kowalczyk<\/p>\n\n\n\n<p>2) Ma\u0142gorzata Pawelec-Wojtalik\/Marcin Krywiak<\/p>\n\n\n\n<p>3) Dorota Grudzie\u0144\/Lech Borkowski, Joanna Ga\u0142uszka-Garnuszek\/Andrzej Semczuk<\/p>\n\n\n\n<p><strong>Turniej pocieszenia m\u0119\u017cczyzn<\/strong>:<\/p>\n\n\n\n<p>1) Stanis\u0142aw Wo\u017aniak<\/p>\n\n\n\n<p>2) Piotr Wieczorkowski<\/p>\n\n\n\n<p><\/p>\n\n\n\n<h2 class=\"wp-block-heading\"><strong>WIDEO &#8211; MECZE Z KORTU NR 1:<\/strong><\/h2>\n\n\n\n<p>&#8211;&nbsp;<a href=\"https:\/\/www.youtube.com\/watch?v=Uk24Cm_CrSI&amp;t=27393s\" target=\"_blank\" rel=\"noreferrer noopener\">pi\u0105tek rano<\/a><\/p>\n\n\n\n<p>&#8211;&nbsp;<a href=\"https:\/\/www.youtube.com\/watch?v=WBcwpN1RPwM\" target=\"_blank\" rel=\"noreferrer noopener\">pi\u0105tek wiecz\u00f3r<\/a><\/p>\n\n\n\n<p>&#8211;&nbsp;<a href=\"https:\/\/www.youtube.com\/watch?v=52Jyg6K_Yb0\" target=\"_blank\" rel=\"noreferrer noopener\">sobota rano<\/a><\/p>\n\n\n\n<p>&#8211;&nbsp;<a href=\"https:\/\/www.youtube.com\/watch?v=sp4x3g2y9OA&amp;t=206s\" target=\"_blank\" rel=\"noreferrer noopener\">sobota wiecz\u00f3r<\/a><\/p>\n\n\n\n<p><\/p>\n\n\n\n<h2 class=\"wp-block-heading\"><strong>ZDJ\u0118CIA<\/strong>\u00a0->\u00a0<a rel=\"noreferrer noopener\" href=\"https:\/\/imgur.com\/a\/Rf0vbuR\" target=\"_blank\">tutaj<\/a><\/h2>\n\n\n\n<p><\/p>\n\n\n\n<h2 class=\"wp-block-heading\"><strong>PE\u0141NE WYNIKI &#8211; DRABINKI, GRUPY<\/strong>:<\/h2>\n\n\n\n<p>&#8211;\u00a0<a href=\"http:\/\/www.pstl.radwanskie.nstrefa.pl\/wp-content\/uploads\/2020\/04\/stalowa19-K-Open.doc\" target=\"_blank\" rel=\"noreferrer noopener\">Singiel kobiety open<\/a><\/p>\n\n\n\n<p>&#8211;\u00a0<a href=\"http:\/\/www.pstl.radwanskie.nstrefa.pl\/wp-content\/uploads\/2020\/04\/stalowa19-K-45-plus.doc\" target=\"_blank\" rel=\"noreferrer noopener\">Singiel kobiety +45<\/a><\/p>\n\n\n\n<p>&#8211;\u00a0<a href=\"http:\/\/www.pstl.radwanskie.nstrefa.pl\/wp-content\/uploads\/2020\/04\/stalowa19-K-55-plus.doc\" target=\"_blank\" rel=\"noreferrer noopener\">Singiel kobiety +55<\/a><\/p>\n\n\n\n<p>&#8211;\u00a0<a href=\"http:\/\/www.pstl.radwanskie.nstrefa.pl\/wp-content\/uploads\/2020\/04\/stalowa19-K-60-plus.doc\" target=\"_blank\" rel=\"noreferrer noopener\">Singiel kobiety +60<\/a><\/p>\n\n\n\n<p>&#8211;\u00a0<a href=\"http:\/\/www.pstl.radwanskie.nstrefa.pl\/wp-content\/uploads\/2020\/04\/stalowa19-M-Open.doc\" target=\"_blank\" rel=\"noreferrer noopener\">Singiel m\u0119\u017cczyzn open<\/a><\/p>\n\n\n\n<p>&#8211;\u00a0<a href=\"http:\/\/www.pstl.radwanskie.nstrefa.pl\/wp-content\/uploads\/2020\/04\/stalowa19-M-35-plus.doc\" target=\"_blank\" rel=\"noreferrer noopener\">Singiel m\u0119\u017cczy\u017ani +35<\/a><\/p>\n\n\n\n<p>&#8211;\u00a0<a href=\"http:\/\/www.pstl.radwanskie.nstrefa.pl\/wp-content\/uploads\/2020\/04\/stalowa19-M-45-plus.xls\" target=\"_blank\" rel=\"noreferrer noopener\">Singiel m\u0119\u017cczy\u017ani +45<\/a><\/p>\n\n\n\n<p>&#8211;\u00a0<a href=\"http:\/\/www.pstl.radwanskie.nstrefa.pl\/wp-content\/uploads\/2020\/04\/stalowa19-M-50-plus.xls\" target=\"_blank\" rel=\"noreferrer noopener\">Singiel m\u0119\u017cczy\u017ani +50<\/a><\/p>\n\n\n\n<p>&#8211;\u00a0<a href=\"http:\/\/www.pstl.radwanskie.nstrefa.pl\/wp-content\/uploads\/2020\/04\/stalowa19-M-55-plus.xls\" target=\"_blank\" rel=\"noreferrer noopener\">Singiel me\u017cczy\u017ani +55<\/a><\/p>\n\n\n\n<p>&#8211;\u00a0<a href=\"http:\/\/www.pstl.radwanskie.nstrefa.pl\/wp-content\/uploads\/2020\/04\/stalowa19-M-60-plus.xls\" target=\"_blank\" rel=\"noreferrer noopener\">Singiel m\u0119\u017cczy\u017ani +60<\/a><\/p>\n\n\n\n<p>&#8211;\u00a0<a href=\"http:\/\/www.pstl.radwanskie.nstrefa.pl\/wp-content\/uploads\/2020\/04\/stalowa19-M-65-plus.xls\" target=\"_blank\" rel=\"noreferrer noopener\">Singiel m\u0119\u017cczyzn +65<\/a><\/p>\n\n\n\n<p>&#8211;\u00a0<a href=\"http:\/\/www.pstl.radwanskie.nstrefa.pl\/wp-content\/uploads\/2020\/04\/stalowa19-M-70-plus.doc\" target=\"_blank\" rel=\"noreferrer noopener\">Singiel m\u0119\u017cczyzn +70<\/a><\/p>\n\n\n\n<p>&#8211;\u00a0<a href=\"http:\/\/www.pstl.radwanskie.nstrefa.pl\/wp-content\/uploads\/2020\/04\/stalowa19-M-75-plus.doc\" target=\"_blank\" rel=\"noreferrer noopener\">Singiel m\u0119\u017cczyzn +75<\/a><\/p>\n\n\n\n<p>&#8211;\u00a0<a href=\"http:\/\/www.pstl.radwanskie.nstrefa.pl\/wp-content\/uploads\/2020\/04\/stalowa19-M-80-plus.doc\" target=\"_blank\" rel=\"noreferrer noopener\">Singiel m\u0119\u017cczyzn +80<\/a><\/p>\n\n\n\n<p>&#8211;\u00a0<a href=\"http:\/\/www.pstl.radwanskie.nstrefa.pl\/wp-content\/uploads\/2020\/04\/stalowa19-Pocieszenie-mezczyzn.xls\" target=\"_blank\" rel=\"noreferrer noopener\">Turniej pocieszenia m\u0119\u017cczyzn<\/a><\/p>\n\n\n\n<p>&#8211;\u00a0<a href=\"http:\/\/www.pstl.radwanskie.nstrefa.pl\/wp-content\/uploads\/2020\/04\/stalowa19-Debel-K-45-plus.xls\" target=\"_blank\" rel=\"noreferrer noopener\">Debel kobiet +45<\/a><\/p>\n\n\n\n<p>&#8211;\u00a0<a href=\"http:\/\/www.pstl.radwanskie.nstrefa.pl\/wp-content\/uploads\/2020\/04\/stalowa19-Debel-M-Open.doc\" target=\"_blank\" rel=\"noreferrer noopener\">Debel m\u0119\u017cczyzn open<\/a><\/p>\n\n\n\n<p>&#8211;\u00a0<a href=\"http:\/\/www.pstl.radwanskie.nstrefa.pl\/wp-content\/uploads\/2020\/04\/stalowa19-Debel-M-45-55.xls\" target=\"_blank\" rel=\"noreferrer noopener\">Debel m\u0119\u017cczyzn 45-55<\/a><\/p>\n\n\n\n<p>&#8211;\u00a0<a href=\"http:\/\/www.pstl.radwanskie.nstrefa.pl\/wp-content\/uploads\/2020\/04\/stalowa19-Debel-M-55-65.xls\" target=\"_blank\" rel=\"noreferrer noopener\">Debel m\u0119\u017cczyzn 55-65<\/a><\/p>\n\n\n\n<p>&#8211;\u00a0<a href=\"http:\/\/www.pstl.radwanskie.nstrefa.pl\/wp-content\/uploads\/2020\/04\/stalowa19-Debel-M-65-plus.xls\" target=\"_blank\" rel=\"noreferrer noopener\">Debel m\u0119\u017cczyzn +65<\/a><\/p>\n\n\n\n<p>&#8211;\u00a0<a href=\"http:\/\/www.pstl.radwanskie.nstrefa.pl\/wp-content\/uploads\/2020\/04\/stalowa19-Debel-M-75-plus.doc\" target=\"_blank\" rel=\"noreferrer noopener\">Debel m\u0119\u017cczyzn +75<\/a><\/p>\n\n\n\n<p>&#8211;\u00a0<a href=\"http:\/\/www.pstl.radwanskie.nstrefa.pl\/wp-content\/uploads\/2020\/04\/stalowa19-Mikst-100-plus.xls\" target=\"_blank\" rel=\"noreferrer noopener\">Mikst +100 lat<\/a><\/p>\n\n\n\n<p>&#8211;\u00a0<a href=\"http:\/\/www.pstl.radwanskie.nstrefa.pl\/wp-content\/uploads\/2020\/04\/stalowa19-Mikst-do-100-lat.doc\" target=\"_blank\" rel=\"noreferrer noopener\">Mikst do 100 lat<\/a><\/p>\n","protected":false},"excerpt":{"rendered":"<p>W dniach 14-17 marca 2019 pod egid\u0105 Polskiego Stowarzyszenia Tenisowego Lekarzy (PSTL) w Stalowej Woli odby\u0142y si\u0119 XXII Halowe Mistrzostwa Polski Lekarzy w Tenisie, w kt\u00f3rych uczestniczy\u0142o 76 lekarzy i dentyst\u00f3w z ca\u0142ej Polski. Turniej odby\u0142 si\u0119 na nawierzchni twardej typu hard w hali tenisowej Miejskiego Klubu Tenisowego przy ul. Wyszy\u0144skiego 1. Medycy rywalizowali w &hellip; <\/p>\n<p class=\"link-more\"><a href=\"https:\/\/www.gdynia2025.pstl.pl\/index.php\/xxii-halowe-mistrzostwa-polski-lekarzy-w-tenisie-stalowa-wola-14-03-17-03-2019-r\/\" class=\"more-link\">Czytaj dalej<span class=\"screen-reader-text\"> \u201eXXII Halowe Mistrzostwa Polski Lekarzy w Tenisie &#8211; Stalowa Wola 14.03-17.03.2019 r.\u201d<\/span><\/a><\/p>\n","protected":false},"author":1,"featured_media":0,"parent":0,"menu_order":0,"comment_status":"closed","ping_status":"closed","template":"","meta":{"footnotes":""},"class_list":["post-402","page","type-page","status-publish","hentry"],"_links":{"self":[{"href":"https:\/\/www.gdynia2025.pstl.pl\/index.php\/wp-json\/wp\/v2\/pages\/402","targetHints":{"allow":["GET"]}}],"collection":[{"href":"https:\/\/www.gdynia2025.pstl.pl\/index.php\/wp-json\/wp\/v2\/pages"}],"about":[{"href":"https:\/\/www.gdynia2025.pstl.pl\/index.php\/wp-json\/wp\/v2\/types\/page"}],"author":[{"embeddable":true,"href":"https:\/\/www.gdynia2025.pstl.pl\/index.php\/wp-json\/wp\/v2\/users\/1"}],"replies":[{"embeddable":true,"href":"https:\/\/www.gdynia2025.pstl.pl\/index.php\/wp-json\/wp\/v2\/comments?post=402"}],"version-history":[{"count":1,"href":"https:\/\/www.gdynia2025.pstl.pl\/index.php\/wp-json\/wp\/v2\/pages\/402\/revisions"}],"predecessor-version":[{"id":411,"href":"https:\/\/www.gdynia2025.pstl.pl\/index.php\/wp-json\/wp\/v2\/pages\/402\/revisions\/411"}],"wp:attachment":[{"href":"https:\/\/www.gdynia2025.pstl.pl\/index.php\/wp-json\/wp\/v2\/media?parent=402"}],"curies":[{"name":"wp","href":"https:\/\/api.w.org\/{rel}","templated":true}]}}